{"id":5,"date":"2009-04-30T09:10:35","date_gmt":"2009-04-30T08:10:35","guid":{"rendered":"http:\/\/www.buergerstiftung-schwaikheim.de\/?page_id=5"},"modified":"2024-07-22T09:57:23","modified_gmt":"2024-07-22T08:57:23","slug":"impressum","status":"publish","type":"page","link":"https:\/\/www.buergerstiftung-schwaikheim.de\/?page_id=5","title":{"rendered":"Impressum"},"content":{"rendered":"\n<h2 class=\"wp-block-heading\">Vorstand:<\/h2>\n\n\n\n<p>Dr. Astrid Loff (Vorsitzende)<\/p>\n\n\n\n<p>Heiko Siegle<\/p>\n\n\n\n<p>Sebastian Frey<\/p>\n\n\n\n<p>Hermann Zoller<\/p>\n\n\n\n<h2 class=\"wp-block-heading\">Anschrift:<\/h2>\n\n\n\n<figure class=\"wp-block-table\"><table><tbody><tr><td>B\u00fcrgerstiftung Schwaikheim<br>Marktplatz 2-4<br>71409 Schwaikheim<\/td><td>Telefon: 07195\/582-64<br>Fax: 07195\/582-49<br>E-Mail: <span style=\"color: #3366ff;\">Maximilian.Matuschek@schwaikheim.de<\/span><\/td><\/tr><\/tbody><\/table><\/figure>\n\n\n\n<h2 class=\"wp-block-heading\">Gestaltung der Internet-Seiten<\/h2>\n\n\n\n<figure class=\"wp-block-table\"><table><tbody><tr><td>Volksbank Stuttgart eG<br>Daimlerstr. 129<br>70372 Stuttgart<\/td><td>Telefon: 0711\/181-1255<br>Fax: 0711\/181-441255<br>E-Mail: <a href=\"mailto:webmaster@buergerstiftung-schwaikheim.de\">webmaster@buergerstiftung-schwaikheim.de<\/a><\/td><\/tr><\/tbody><\/table><\/figure>\n\n\n\n<p>Wir haben uns bem\u00fcht, die Seiten m\u00f6glichst barrierefrei zu gestalten. Sollten Sie dennoch Probleme haben, die Seiten aufzurufen bzw. zu lesen, so w\u00fcrden wir uns \u00fcber eine kurze Nachricht mit einer Beschreibung der Probleme freuen.<br>Nat\u00fcrlich freuen wir uns auch \u00fcber neue Anregungen, wenn keine Probleme auftreten.<\/p>\n","protected":false},"excerpt":{"rendered":"<p>Vorstand: Dr. Astrid Loff (Vorsitzende) Heiko Siegle Sebastian Frey Hermann Zoller Anschrift: B\u00fcrgerstiftung SchwaikheimMarktplatz 2-471409 Schwaikheim Telefon: 07195\/582-64Fax: 07195\/582-49E-Mail: Maximilian.Matuschek@schwaikheim.de Gestaltung der Internet-Seiten Volksbank Stuttgart eGDaimlerstr. 12970372 Stuttgart Telefon: 0711\/181-1255Fax: 0711\/181-441255E-Mail: webmaster@buergerstiftung-schwaikheim.de Wir haben uns bem\u00fcht, die Seiten m\u00f6glichst barrierefrei zu gestalten. Sollten Sie dennoch Probleme haben, die Seiten aufzurufen bzw. zu lesen, so w\u00fcrden [&hellip;]<\/p>\n","protected":false},"author":1,"featured_media":0,"parent":0,"menu_order":9,"comment_status":"open","ping_status":"closed","template":"","meta":{"footnotes":""},"class_list":["post-5","page","type-page","status-publish","hentry"],"_links":{"self":[{"href":"https:\/\/www.buergerstiftung-schwaikheim.de\/index.php?rest_route=\/wp\/v2\/pages\/5","targetHints":{"allow":["GET"]}}],"collection":[{"href":"https:\/\/www.buergerstiftung-schwaikheim.de\/index.php?rest_route=\/wp\/v2\/pages"}],"about":[{"href":"https:\/\/www.buergerstiftung-schwaikheim.de\/index.php?rest_route=\/wp\/v2\/types\/page"}],"author":[{"embeddable":true,"href":"https:\/\/www.buergerstiftung-schwaikheim.de\/index.php?rest_route=\/wp\/v2\/users\/1"}],"replies":[{"embeddable":true,"href":"https:\/\/www.buergerstiftung-schwaikheim.de\/index.php?rest_route=%2Fwp%2Fv2%2Fcomments&post=5"}],"version-history":[{"count":16,"href":"https:\/\/www.buergerstiftung-schwaikheim.de\/index.php?rest_route=\/wp\/v2\/pages\/5\/revisions"}],"predecessor-version":[{"id":487,"href":"https:\/\/www.buergerstiftung-schwaikheim.de\/index.php?rest_route=\/wp\/v2\/pages\/5\/revisions\/487"}],"wp:attachment":[{"href":"https:\/\/www.buergerstiftung-schwaikheim.de\/index.php?rest_route=%2Fwp%2Fv2%2Fmedia&parent=5"}],"curies":[{"name":"wp","href":"https:\/\/api.w.org\/{rel}","templated":true}]}}