{"id":325,"date":"2017-11-13T09:01:06","date_gmt":"2017-11-13T08:01:06","guid":{"rendered":"http:\/\/www.buergerstiftung-schwaikheim.de\/?page_id=325"},"modified":"2025-04-15T07:51:34","modified_gmt":"2025-04-15T06:51:34","slug":"so-koennen-sie-uns-unterstuetzen","status":"publish","type":"page","link":"https:\/\/www.buergerstiftung-schwaikheim.de\/?page_id=325","title":{"rendered":"So k\u00f6nnen Sie uns unterst\u00fctzen"},"content":{"rendered":"<p>Um weitere wichtige Projekte zugunsten\u00a0der hier lebenden Menschen zu f\u00f6rdern, ist die B\u00fcrgerstiftung Schwaikheim auf Spenden und Zustiftungen angewiesen. Sie k\u00f6nnen die B\u00fcrgerstiftung wie folgt unterst\u00fctzen:<\/p>\n<ul>\n<li><strong>Zustiftungen<br \/>\n<\/strong> Zustiftungen erh\u00f6hen das Stiftungsverm\u00f6gen. Damit werden langfristig die Zinsertr\u00e4ge erh\u00f6ht, die wiederum an bestimmte Projekte ausgesch\u00fcttet werden.<\/li>\n<\/ul>\n<ul>\n<li><strong>Spenden<br \/>\n<\/strong>Spenden flie\u00dfen nicht dem Stiftungskapital zu, sondern werden zeitnah f\u00fcr bestimmte Projekte eingesetzt. Als Spender haben Sie die M\u00f6glichkeit einen gew\u00fcnschten Zweck f\u00fcr die Spende anzugeben.<\/li>\n<\/ul>\n<ul>\n<li><strong>Projekte<br \/>\n<\/strong> Sie k\u00f6nnen sich pers\u00f6nlich f\u00fcr Projekte engagieren und auf diese Weise das Gemeinwohl f\u00f6rdern. Projekte, die den Stiftungszweck erf\u00fcllen, k\u00f6nnen durch Zinsertr\u00e4ge oder Spenden der B\u00fcrgerstiftung unterst\u00fctzt werden.<\/li>\n<\/ul>\n<p><strong>Kontakt<br \/>\n<\/strong>Bei Fragen und f\u00fcr weitere Informationen steht Ihnen der Gesch\u00e4ftsf\u00fchrer der B\u00fcrgerstiftung, Maximilian Matuschek, sehr gerne zur Verf\u00fcgung (Tel. 07195\/582-64).<\/p>\n<p><strong>Bankverbindung <\/strong><br \/>\nIBAN: DE06 6009 0100 0000 0800 04<br \/>\nBIC: VOBADESS<br \/>\n<span style=\"display: inline !important; float: none; background-color: transparent; color: #333333; font-family: Georgia,'Times New Roman','Bitstream Charter',Times,serif; font-size: 16px; font-style: normal; font-variant: normal; font-weight: 400; letter-spacing: normal; line-height: 24px; orphans: 2; text-align: left; text-decoration: none; text-indent: 0px; text-transform: none; -webkit-text-stroke-width: 0px; white-space: normal; word-spacing: 0px; word-wrap: break-word;\">Volksbank Stuttgart eG<\/span><\/p>\n","protected":false},"excerpt":{"rendered":"<p>Um weitere wichtige Projekte zugunsten\u00a0der hier lebenden Menschen zu f\u00f6rdern, ist die B\u00fcrgerstiftung Schwaikheim auf Spenden und Zustiftungen angewiesen. Sie k\u00f6nnen die B\u00fcrgerstiftung wie folgt unterst\u00fctzen: Zustiftungen Zustiftungen erh\u00f6hen das Stiftungsverm\u00f6gen. Damit werden langfristig die Zinsertr\u00e4ge erh\u00f6ht, die wiederum an bestimmte Projekte ausgesch\u00fcttet werden. Spenden Spenden flie\u00dfen nicht dem Stiftungskapital zu, sondern werden zeitnah f\u00fcr [&hellip;]<\/p>\n","protected":false},"author":2,"featured_media":0,"parent":0,"menu_order":6,"comment_status":"closed","ping_status":"closed","template":"","meta":{"footnotes":""},"class_list":["post-325","page","type-page","status-publish","hentry"],"_links":{"self":[{"href":"https:\/\/www.buergerstiftung-schwaikheim.de\/index.php?rest_route=\/wp\/v2\/pages\/325","targetHints":{"allow":["GET"]}}],"collection":[{"href":"https:\/\/www.buergerstiftung-schwaikheim.de\/index.php?rest_route=\/wp\/v2\/pages"}],"about":[{"href":"https:\/\/www.buergerstiftung-schwaikheim.de\/index.php?rest_route=\/wp\/v2\/types\/page"}],"author":[{"embeddable":true,"href":"https:\/\/www.buergerstiftung-schwaikheim.de\/index.php?rest_route=\/wp\/v2\/users\/2"}],"replies":[{"embeddable":true,"href":"https:\/\/www.buergerstiftung-schwaikheim.de\/index.php?rest_route=%2Fwp%2Fv2%2Fcomments&post=325"}],"version-history":[{"count":10,"href":"https:\/\/www.buergerstiftung-schwaikheim.de\/index.php?rest_route=\/wp\/v2\/pages\/325\/revisions"}],"predecessor-version":[{"id":497,"href":"https:\/\/www.buergerstiftung-schwaikheim.de\/index.php?rest_route=\/wp\/v2\/pages\/325\/revisions\/497"}],"wp:attachment":[{"href":"https:\/\/www.buergerstiftung-schwaikheim.de\/index.php?rest_route=%2Fwp%2Fv2%2Fmedia&parent=325"}],"curies":[{"name":"wp","href":"https:\/\/api.w.org\/{rel}","templated":true}]}}