{"id":3,"date":"2009-04-30T09:06:49","date_gmt":"2009-04-30T08:06:49","guid":{"rendered":"http:\/\/www.buergerstiftung-schwaikheim.de\/?page_id=3"},"modified":"2019-06-06T09:14:58","modified_gmt":"2019-06-06T08:14:58","slug":"startseite","status":"publish","type":"page","link":"https:\/\/www.buergerstiftung-schwaikheim.de\/","title":{"rendered":"Startseite"},"content":{"rendered":"<h1><img loading=\"lazy\" decoding=\"async\" style=\"margin-right: 10px;\" src=\"\/pics\/schwaikheim_kirche.jpg\" alt=\"Foto der Schwaikheimer Kirche\" width=\"258\" height=\"345\" align=\"left\" border=\"0\" hspace=\"5\" vspace=\"5\" \/>Willkommen<br \/>\nbei der B\u00fcrgerstiftung Schwaikheim!<\/h1>\n<h2>Gemeinsam f\u00fcr Schwaikheim<\/h2>\n<p>&nbsp;<\/p>\n<p>&nbsp;<\/p>\n<p style=\"height: 250px;\"><strong>Die B\u00fcrgerstiftung m\u00f6chte Projekte initiieren und unterst\u00fctzen, die dem Gemeinwohl der in Schwaikheim lebenden Menschen zu Gute kommt.<\/strong><\/p>\n","protected":false},"excerpt":{"rendered":"<p>Willkommen bei der B\u00fcrgerstiftung Schwaikheim! Gemeinsam f\u00fcr Schwaikheim &nbsp; &nbsp; Die B\u00fcrgerstiftung m\u00f6chte Projekte initiieren und unterst\u00fctzen, die dem Gemeinwohl der in Schwaikheim lebenden Menschen zu Gute kommt.<\/p>\n","protected":false},"author":1,"featured_media":0,"parent":0,"menu_order":1,"comment_status":"closed","ping_status":"closed","template":"start.php","meta":{"footnotes":""},"class_list":["post-3","page","type-page","status-publish","hentry"],"_links":{"self":[{"href":"https:\/\/www.buergerstiftung-schwaikheim.de\/index.php?rest_route=\/wp\/v2\/pages\/3","targetHints":{"allow":["GET"]}}],"collection":[{"href":"https:\/\/www.buergerstiftung-schwaikheim.de\/index.php?rest_route=\/wp\/v2\/pages"}],"about":[{"href":"https:\/\/www.buergerstiftung-schwaikheim.de\/index.php?rest_route=\/wp\/v2\/types\/page"}],"author":[{"embeddable":true,"href":"https:\/\/www.buergerstiftung-schwaikheim.de\/index.php?rest_route=\/wp\/v2\/users\/1"}],"replies":[{"embeddable":true,"href":"https:\/\/www.buergerstiftung-schwaikheim.de\/index.php?rest_route=%2Fwp%2Fv2%2Fcomments&post=3"}],"version-history":[{"count":26,"href":"https:\/\/www.buergerstiftung-schwaikheim.de\/index.php?rest_route=\/wp\/v2\/pages\/3\/revisions"}],"predecessor-version":[{"id":392,"href":"https:\/\/www.buergerstiftung-schwaikheim.de\/index.php?rest_route=\/wp\/v2\/pages\/3\/revisions\/392"}],"wp:attachment":[{"href":"https:\/\/www.buergerstiftung-schwaikheim.de\/index.php?rest_route=%2Fwp%2Fv2%2Fmedia&parent=3"}],"curies":[{"name":"wp","href":"https:\/\/api.w.org\/{rel}","templated":true}]}}