{"id":15,"date":"2009-04-30T10:36:48","date_gmt":"2009-04-30T09:36:48","guid":{"rendered":"http:\/\/www.buergerstiftung-schwaikheim.de\/?page_id=15"},"modified":"2017-11-13T09:04:36","modified_gmt":"2017-11-13T08:04:36","slug":"die-brgerstiftung-stellt-sich-vor","status":"publish","type":"page","link":"https:\/\/www.buergerstiftung-schwaikheim.de\/?page_id=15","title":{"rendered":"Die B\u00fcrgerstiftung stellt sich vor"},"content":{"rendered":"<p>Die B\u00dcRGERSTIFTUNG SCHWAIKHEIM ist eine auf gemeinsame Initiative der Volksbank Stuttgart eG und der Gemeinde Schwaikheim ins Leben gerufene Gemeinschaftseinrichtung von B\u00fcrgern f\u00fcr B\u00fcrger.<\/p>\n<p>B\u00fcrgerinnen und B\u00fcrger, Handwerks- und Gewerbebetriebe, Organisationen und Vereine sollen mehr Mitverantwortung f\u00fcr die Gestaltung des Gemeinwesens \u00fcbernehmen. Sie sollen dazu motiviert werden, sich ehrenamtlich in der B\u00fcrgerstiftung und den von ihr unterst\u00fctzten Projekten zu engagieren.<\/p>\n<p>Im Rahmen ihres Satzungszwecks will die B\u00fcrgerstiftung gesellschaftliche Vorhaben f\u00f6rdern, die im Interesse der Gemeinde und ihrer B\u00fcrger liegen. Die B\u00fcrgerstiftung soll keine Aufgaben \u00fcbernehmen, die zu den Pflichtaufgaben einer Gemeinde g<img loading=\"lazy\" decoding=\"async\" src=\"\/pics\/schwaikheim_rathaus.jpg\" alt=\"Foto des Schwaikheimer Rathauses\" width=\"216\" height=\"204\" align=\"right\" border=\"0\" hspace=\"5\" vspace=\"5\" \/>eh\u00f6ren.<br \/>\nDie Satzung der B\u00fcrgerstiftung finden Sie <a href=\"http:\/\/www.buergerstiftung-schwaikheim.de\/wp-content\/uploads\/2017\/11\/Satzung_Buergerstiftung_Schwaikheim.pdf\">hier<\/a>.<\/p>\n<p>Zugleich m\u00f6chte die B\u00fcrgerstiftung weitere B\u00fcrger dazu anregen, sich durch Zuwendungen an der Stiftung zu beteiligen und bei der eigenverantwortlichen Bew\u00e4ltigung gesellschaftlicher Aufgaben in der Gemeinde mitzuwirken. In diesem Sinne will die B\u00fcrgerstiftung den Gemeinschaftssinn und die Mitverantwortung der B\u00fcrger in Schwaikheim f\u00f6rdern und st\u00e4rken und damit dazu beitragen, dass die Gemeinde Schwaikheim sich positiv entwickelt.<\/p>\n","protected":false},"excerpt":{"rendered":"<p>Die B\u00dcRGERSTIFTUNG SCHWAIKHEIM ist eine auf gemeinsame Initiative der Volksbank Stuttgart eG und der Gemeinde Schwaikheim ins Leben gerufene Gemeinschaftseinrichtung von B\u00fcrgern f\u00fcr B\u00fcrger. B\u00fcrgerinnen und B\u00fcrger, Handwerks- und Gewerbebetriebe, Organisationen und Vereine sollen mehr Mitverantwortung f\u00fcr die Gestaltung des Gemeinwesens \u00fcbernehmen. Sie sollen dazu motiviert werden, sich ehrenamtlich in der B\u00fcrgerstiftung und den von [&hellip;]<\/p>\n","protected":false},"author":1,"featured_media":0,"parent":0,"menu_order":3,"comment_status":"open","ping_status":"closed","template":"","meta":{"footnotes":""},"class_list":["post-15","page","type-page","status-publish","hentry"],"_links":{"self":[{"href":"https:\/\/www.buergerstiftung-schwaikheim.de\/index.php?rest_route=\/wp\/v2\/pages\/15","targetHints":{"allow":["GET"]}}],"collection":[{"href":"https:\/\/www.buergerstiftung-schwaikheim.de\/index.php?rest_route=\/wp\/v2\/pages"}],"about":[{"href":"https:\/\/www.buergerstiftung-schwaikheim.de\/index.php?rest_route=\/wp\/v2\/types\/page"}],"author":[{"embeddable":true,"href":"https:\/\/www.buergerstiftung-schwaikheim.de\/index.php?rest_route=\/wp\/v2\/users\/1"}],"replies":[{"embeddable":true,"href":"https:\/\/www.buergerstiftung-schwaikheim.de\/index.php?rest_route=%2Fwp%2Fv2%2Fcomments&post=15"}],"version-history":[{"count":12,"href":"https:\/\/www.buergerstiftung-schwaikheim.de\/index.php?rest_route=\/wp\/v2\/pages\/15\/revisions"}],"predecessor-version":[{"id":306,"href":"https:\/\/www.buergerstiftung-schwaikheim.de\/index.php?rest_route=\/wp\/v2\/pages\/15\/revisions\/306"}],"wp:attachment":[{"href":"https:\/\/www.buergerstiftung-schwaikheim.de\/index.php?rest_route=%2Fwp%2Fv2%2Fmedia&parent=15"}],"curies":[{"name":"wp","href":"https:\/\/api.w.org\/{rel}","templated":true}]}}