{"id":13,"date":"2009-04-30T10:35:50","date_gmt":"2009-04-30T09:35:50","guid":{"rendered":"http:\/\/www.buergerstiftung-schwaikheim.de\/?page_id=13"},"modified":"2025-01-02T10:40:36","modified_gmt":"2025-01-02T09:40:36","slug":"wer-arbeitet-in-der-burgerstiftung-mit","status":"publish","type":"page","link":"https:\/\/www.buergerstiftung-schwaikheim.de\/?page_id=13","title":{"rendered":"Wer arbeitet in der B\u00fcrgerstiftung mit"},"content":{"rendered":"<p>Die B\u00fcrgerstiftung wird von den nachfolgenden Gremien ehrenamtlich geleitet:<\/p>\n<p>Der <strong>Stiftungsvorstand<\/strong> f\u00fchrt die laufenden Gesch\u00e4fte. Er besteht aus mindestens drei Personen. Ihm geh\u00f6ren an:<\/p>\n<ul>\n<li>B\u00fcrgermeisterin Dr. Astrid Loff (Vorsitzende)<\/li>\n<li>Heiko Siegle<\/li>\n<li>Sebastian Frey<\/li>\n<li>Hermann Zoller<\/li>\n<\/ul>\n<p>Das <strong>Stiftungskuratorium<\/strong> ist Aufsichtsorgan und ber\u00e4t den Stiftungsvorstand. Es besteht aus mindestens f\u00fcnf Personen.<br \/>\nDem Kuratorium geh\u00f6ren an:<\/p>\n<ul>\n<li>Martin Heck (Vorsitzender)<\/li>\n<li>Michael Schmid (stellv. Vorsitzender)<\/li>\n<li>Sigrid Maier<\/li>\n<li>Silvia Klenk<\/li>\n<li>Peter Langer<\/li>\n<li>Heinrich Leufen<\/li>\n<li>Yvette Umbach<\/li>\n<\/ul>\n<p>Zum <strong>Gesch\u00e4ftsf\u00fchrer<\/strong> der B\u00fcrgerstiftung wurde Maximilian Matuschek, Stabstelle Kommunikation und Kultur, bestellt.<\/p>\n","protected":false},"excerpt":{"rendered":"<p>Die B\u00fcrgerstiftung wird von den nachfolgenden Gremien ehrenamtlich geleitet: Der Stiftungsvorstand f\u00fchrt die laufenden Gesch\u00e4fte. Er besteht aus mindestens drei Personen. Ihm geh\u00f6ren an: B\u00fcrgermeisterin Dr. Astrid Loff (Vorsitzende) Heiko Siegle Sebastian Frey Hermann Zoller Das Stiftungskuratorium ist Aufsichtsorgan und ber\u00e4t den Stiftungsvorstand. Es besteht aus mindestens f\u00fcnf Personen. Dem Kuratorium geh\u00f6ren an: Martin Heck [&hellip;]<\/p>\n","protected":false},"author":1,"featured_media":0,"parent":0,"menu_order":5,"comment_status":"open","ping_status":"closed","template":"","meta":{"footnotes":""},"class_list":["post-13","page","type-page","status-publish","hentry"],"_links":{"self":[{"href":"https:\/\/www.buergerstiftung-schwaikheim.de\/index.php?rest_route=\/wp\/v2\/pages\/13","targetHints":{"allow":["GET"]}}],"collection":[{"href":"https:\/\/www.buergerstiftung-schwaikheim.de\/index.php?rest_route=\/wp\/v2\/pages"}],"about":[{"href":"https:\/\/www.buergerstiftung-schwaikheim.de\/index.php?rest_route=\/wp\/v2\/types\/page"}],"author":[{"embeddable":true,"href":"https:\/\/www.buergerstiftung-schwaikheim.de\/index.php?rest_route=\/wp\/v2\/users\/1"}],"replies":[{"embeddable":true,"href":"https:\/\/www.buergerstiftung-schwaikheim.de\/index.php?rest_route=%2Fwp%2Fv2%2Fcomments&post=13"}],"version-history":[{"count":30,"href":"https:\/\/www.buergerstiftung-schwaikheim.de\/index.php?rest_route=\/wp\/v2\/pages\/13\/revisions"}],"predecessor-version":[{"id":491,"href":"https:\/\/www.buergerstiftung-schwaikheim.de\/index.php?rest_route=\/wp\/v2\/pages\/13\/revisions\/491"}],"wp:attachment":[{"href":"https:\/\/www.buergerstiftung-schwaikheim.de\/index.php?rest_route=%2Fwp%2Fv2%2Fmedia&parent=13"}],"curies":[{"name":"wp","href":"https:\/\/api.w.org\/{rel}","templated":true}]}}